{"id":845,"date":"2018-07-09T11:24:45","date_gmt":"2018-07-09T09:24:45","guid":{"rendered":"http:\/\/www.waldorfkindergarten-wels.at\/web2017\/?page_id=845"},"modified":"2025-09-28T21:20:45","modified_gmt":"2025-09-28T19:20:45","slug":"naturerleben","status":"publish","type":"page","link":"https:\/\/www.waldorfkindergarten-wels.at\/?page_id=845","title":{"rendered":"Naturerleben"},"content":{"rendered":"\n<h2 class=\"wp-block-heading has-text-align-center\">Naturerleben<\/h2>\n\n\n\n<div class=\"wp-block-media-text is-stacked-on-mobile has-background\" style=\"background-color:#ffffff80\"><figure class=\"wp-block-media-text__media\"><img loading=\"lazy\" decoding=\"async\" width=\"1024\" height=\"683\" src=\"https:\/\/www.waldorfkindergarten-wels.at\/web2017\/wp-content\/uploads\/2018\/07\/DSC_7654-1024x683.jpg\" alt=\"\" class=\"wp-image-760 size-full\"\/><\/figure><div class=\"wp-block-media-text__content\">\n<p>Wir gehen t\u00e4glich in unseren Garten, den wir als erweiterten p\u00e4dagogischen Raum betrachten. So erleben die Kinder den Wechsel der Jahreszeiten mit seinen Besonderheiten. In den Kindern soll die Liebe zur Natur gepflegt und gef\u00f6rdert werden.<\/p>\n\n\n\n<p>Das Erleben der Elemente Erde, Wasser, Luft und Feuer in vielf\u00e4ltiger Weise f\u00fchrt zu einem verantwortlichen Umgang mit unserer Erde und ihren Ressourcen.<\/p>\n\n\n\n<p>Wir sind sorgf\u00e4ltig und achtsam im Umgang mit Pflanzen und Tieren. Gemeinsam mit Kinder und Eltern pflegen wir den Garten.<\/p>\n\n\n\n<p>Bei regelm\u00e4\u00dfigen &#8220;Drau\u00dfentagen&#8221; und &#8220;Waldtagen&#8221; erkunden wir unsere n\u00e4here Umgebung und die Natur au\u00dferhalb unseres Gartens.<\/p>\n<\/div><\/div>\n\n\n\n<figure class=\"wp-block-gallery has-nested-images columns-default is-cropped wp-block-gallery-1 is-layout-flex wp-block-gallery-is-layout-flex\">\n<figure class=\"wp-block-image size-large\"><img loading=\"lazy\" decoding=\"async\" width=\"1024\" height=\"683\" data-id=\"761\" src=\"https:\/\/www.waldorfkindergarten-wels.at\/web2017\/wp-content\/uploads\/2018\/07\/DSC_7659-1024x683.jpg\" alt=\"\" class=\"wp-image-761\"\/><\/figure>\n\n\n\n<figure class=\"wp-block-image size-large\"><img loading=\"lazy\" decoding=\"async\" width=\"5184\" height=\"3888\" data-id=\"901\" src=\"https:\/\/www.waldorfkindergarten-wels.at\/web2017\/wp-content\/uploads\/2018\/08\/IMG_1666.jpg\" alt=\"\" class=\"wp-image-901\"\/><\/figure>\n\n\n\n<figure class=\"wp-block-image size-large\"><img loading=\"lazy\" decoding=\"async\" width=\"1024\" height=\"683\" data-id=\"849\" src=\"https:\/\/www.waldorfkindergarten-wels.at\/web2017\/wp-content\/uploads\/2018\/07\/DSC_7644-1024x683.jpg\" alt=\"\" class=\"wp-image-849\"\/><\/figure>\n<\/figure>\n","protected":false},"excerpt":{"rendered":"<p>Naturerleben Wir gehen t\u00e4glich in unseren Garten, den wir als erweiterten p\u00e4dagogischen Raum betrachten. So erleben die Kinder den Wechsel der Jahreszeiten mit seinen Besonderheiten. In den Kindern soll die Liebe zur Natur gepflegt und gef\u00f6rdert werden. Das Erleben der Elemente Erde, Wasser, Luft und Feuer in vielf\u00e4ltiger Weise f\u00fchrt zu einem verantwortlichen Umgang mit&hellip;&nbsp;<a href=\"https:\/\/www.waldorfkindergarten-wels.at\/?page_id=845\" rel=\"bookmark\"><span class=\"screen-reader-text\">Naturerleben<\/span><\/a><\/p>\n","protected":false},"author":1,"featured_media":0,"parent":0,"menu_order":0,"comment_status":"closed","ping_status":"closed","template":"","meta":{"neve_meta_sidebar":"","neve_meta_container":"","neve_meta_enable_content_width":"","neve_meta_content_width":0,"neve_meta_title_alignment":"","neve_meta_author_avatar":"","neve_post_elements_order":"","neve_meta_disable_header":"","neve_meta_disable_footer":"","neve_meta_disable_title":"","footnotes":""},"class_list":["post-845","page","type-page","status-publish","hentry"],"_links":{"self":[{"href":"https:\/\/www.waldorfkindergarten-wels.at\/index.php?rest_route=\/wp\/v2\/pages\/845","targetHints":{"allow":["GET"]}}],"collection":[{"href":"https:\/\/www.waldorfkindergarten-wels.at\/index.php?rest_route=\/wp\/v2\/pages"}],"about":[{"href":"https:\/\/www.waldorfkindergarten-wels.at\/index.php?rest_route=\/wp\/v2\/types\/page"}],"author":[{"embeddable":true,"href":"https:\/\/www.waldorfkindergarten-wels.at\/index.php?rest_route=\/wp\/v2\/users\/1"}],"replies":[{"embeddable":true,"href":"https:\/\/www.waldorfkindergarten-wels.at\/index.php?rest_route=%2Fwp%2Fv2%2Fcomments&post=845"}],"version-history":[{"count":18,"href":"https:\/\/www.waldorfkindergarten-wels.at\/index.php?rest_route=\/wp\/v2\/pages\/845\/revisions"}],"predecessor-version":[{"id":1411,"href":"https:\/\/www.waldorfkindergarten-wels.at\/index.php?rest_route=\/wp\/v2\/pages\/845\/revisions\/1411"}],"wp:attachment":[{"href":"https:\/\/www.waldorfkindergarten-wels.at\/index.php?rest_route=%2Fwp%2Fv2%2Fmedia&parent=845"}],"curies":[{"name":"wp","href":"https:\/\/api.w.org\/{rel}","templated":true}]}}