{"id":494,"date":"2018-01-15T14:50:48","date_gmt":"2018-01-15T13:50:48","guid":{"rendered":"http:\/\/www.waldorfkindergarten-wels.at\/web2017\/?page_id=494"},"modified":"2025-09-28T21:20:17","modified_gmt":"2025-09-28T19:20:17","slug":"impressum","status":"publish","type":"page","link":"https:\/\/www.waldorfkindergarten-wels.at\/?page_id=494","title":{"rendered":"Impressum"},"content":{"rendered":"\n<p>&nbsp;<\/p>\n\n\n\n<h2 class=\"wp-block-heading has-text-align-center\">Impressum<\/h2>\n\n\n\n<h3 class=\"wp-block-heading\"><strong style=\"font-style: inherit; font-family: -apple-system, BlinkMacSystemFont, 'Segoe UI', Roboto, Oxygen-Sans, Ubuntu, Cantarell, 'Helvetica Neue', sans-serif;\">Waldorfkindergarten Wels<\/strong><\/h3>\n\n\n\n<p class=\"has-background\" style=\"background-color:#ffffff80\">Maximilianstra\u00dfe 25<br>4600 Wels<br><strong>Telefon:<\/strong> 0 7242 \/ 78 2 34<br><strong>Internet:<\/strong> <a href=\"https:\/\/www.waldorfkindergarten-wels.at\/\">www.waldorfkindergarten-wels.at<\/a><strong><br>eMail:<\/strong> <u>buero@waldorfkindergarten-wels.at<\/u><\/p>\n\n\n\n<h3 class=\"wp-block-heading\"><strong>Bankverbindung:<\/strong><\/h3>\n\n\n\n<p class=\"has-background\" style=\"background-color:#ffffff80\">Oberbank AG Wels<br>Bankleitzahl: 15130<br>Kontonummer: 285321451<br>IBAN: AT98 1513 0002 8532 1451 BIC: OBKLAT2L<\/p>\n\n\n\n<p class=\"has-background\" style=\"background-color:#ffffff80\">Der Waldorfkindergarten-Wels \u00fcbernimmt keine Gew\u00e4hr f\u00fcr die Fehlerfreiheit von Daten, die von den Internetseiten heruntergeladen werden k\u00f6nnen. Die Daten wurden von uns auf Virenbefall \u00fcberpr\u00fcft. Wir empfehlen dennoch, Daten und Software nach dem Herunterladen auf Virenbefall mit jeweils neuester Virensuchsoftware zu pr\u00fcfen.<br><br>Der Inhalt dieser Internetseiten ist urheberrechtlich gesch\u00fctzt. Es darf keine Kopie der Informationen der Internetseiten auf keinem einzigen Computer f\u00fcr den nicht-kommerziellen und pers\u00f6nlichen internen Gebrauch gespeichert werden. Grafiken, Texte, Logos, Bilder usw. d\u00fcrfen nur nach schriftlicher Genehmigung durch den Waldorfkindergarten-Wels heruntergeladen, vervielf\u00e4ltigt, kopiert, ge\u00e4ndert, ver\u00f6ffentlicht, versendet, \u00fcbertragen oder in sonstiger Form genutzt werden.<br><br>Es kann nicht garantiert werden, dass Informationen oder pers\u00f6nliche Daten, die uns \u00fcbermittelt werden, bei der \u00dcbermittlung nicht von Dritten &#8220;abgeh\u00f6rt&#8221; werden.<br><br>Der Waldorfkindergarten-Wels haftet nicht f\u00fcr Sch\u00e4den insbesondere nicht f\u00fcr unmittelbare oder mittelbare Folgesch\u00e4den, Datenverlust, System- oder Produktionsausf\u00e4lle, die durch die Nutzung dieser Internetseiten oder das Herunterladen von Daten entstehen. Liegt bei einem entstandenen Schaden durch die Nutzung der Internetseiten oder das Herunterladen von Daten Vorsatz oder grobe Fahrl\u00e4ssigkeit vor, gilt der Haftungsausschluss nicht.<br><br>Alle Informationen und Erkl\u00e4rungen dieser Internetseiten sind unverbindlich. Der Waldorfkindergarten-Wels \u00fcbernimmt f\u00fcr die Richtigkeit und Vollst\u00e4ndigkeit der Inhalte keine Gew\u00e4hr. Es werden keine Garantie \u00fcbernommen und keine Zusicherung gemacht. Aus den Inhalten der Internetseiten ergeben sich keine Rechtsanspr\u00fcche. Fehler im Inhalt werden bei Kenntnis dar\u00fcber unverz\u00fcglich korrigiert. Die Inhalte der Internetseiten k\u00f6nnen durch zeitverz\u00f6gerte Aktualisierung nicht permanent aktuell sein. Links auf andere Internetseiten werden nicht permanent kontrolliert. Somit \u00fcbernehmen wir keine Verantwortung f\u00fcr den Inhalt verlinkter Seiten.<\/p>\n\n\n\n<p><\/p>\n","protected":false},"excerpt":{"rendered":"<p>&nbsp; Impressum Waldorfkindergarten Wels Maximilianstra\u00dfe 254600 WelsTelefon: 0 7242 \/ 78 2 34Internet: www.waldorfkindergarten-wels.ateMail: buero@waldorfkindergarten-wels.at Bankverbindung: Oberbank AG WelsBankleitzahl: 15130Kontonummer: 285321451IBAN: AT98 1513 0002 8532 1451 BIC: OBKLAT2L Der Waldorfkindergarten-Wels \u00fcbernimmt keine Gew\u00e4hr f\u00fcr die Fehlerfreiheit von Daten, die von den Internetseiten heruntergeladen werden k\u00f6nnen. Die Daten wurden von uns auf Virenbefall \u00fcberpr\u00fcft. Wir empfehlen&hellip;&nbsp;<a href=\"https:\/\/www.waldorfkindergarten-wels.at\/?page_id=494\" rel=\"bookmark\"><span class=\"screen-reader-text\">Impressum<\/span><\/a><\/p>\n","protected":false},"author":1,"featured_media":0,"parent":0,"menu_order":0,"comment_status":"closed","ping_status":"closed","template":"","meta":{"neve_meta_sidebar":"","neve_meta_container":"","neve_meta_enable_content_width":"","neve_meta_content_width":0,"neve_meta_title_alignment":"","neve_meta_author_avatar":"","neve_post_elements_order":"","neve_meta_disable_header":"","neve_meta_disable_footer":"","neve_meta_disable_title":"","footnotes":""},"class_list":["post-494","page","type-page","status-publish","hentry"],"_links":{"self":[{"href":"https:\/\/www.waldorfkindergarten-wels.at\/index.php?rest_route=\/wp\/v2\/pages\/494","targetHints":{"allow":["GET"]}}],"collection":[{"href":"https:\/\/www.waldorfkindergarten-wels.at\/index.php?rest_route=\/wp\/v2\/pages"}],"about":[{"href":"https:\/\/www.waldorfkindergarten-wels.at\/index.php?rest_route=\/wp\/v2\/types\/page"}],"author":[{"embeddable":true,"href":"https:\/\/www.waldorfkindergarten-wels.at\/index.php?rest_route=\/wp\/v2\/users\/1"}],"replies":[{"embeddable":true,"href":"https:\/\/www.waldorfkindergarten-wels.at\/index.php?rest_route=%2Fwp%2Fv2%2Fcomments&post=494"}],"version-history":[{"count":7,"href":"https:\/\/www.waldorfkindergarten-wels.at\/index.php?rest_route=\/wp\/v2\/pages\/494\/revisions"}],"predecessor-version":[{"id":1410,"href":"https:\/\/www.waldorfkindergarten-wels.at\/index.php?rest_route=\/wp\/v2\/pages\/494\/revisions\/1410"}],"wp:attachment":[{"href":"https:\/\/www.waldorfkindergarten-wels.at\/index.php?rest_route=%2Fwp%2Fv2%2Fmedia&parent=494"}],"curies":[{"name":"wp","href":"https:\/\/api.w.org\/{rel}","templated":true}]}}